{"id":8688,"date":"2025-07-10T17:51:38","date_gmt":"2025-07-10T15:51:38","guid":{"rendered":"https:\/\/zoozoola.com\/?post_type=product&#038;p=8688"},"modified":"2025-12-02T23:00:54","modified_gmt":"2025-12-02T22:00:54","slug":"bluza-very-cherry-enchanted-garden","status":"publish","type":"product","link":"https:\/\/zoozoola.com\/en\/produkt\/bluza-very-cherry-enchanted-garden\/","title":{"rendered":"Bluza VERY CHERRY &#8211; Enchanted Garden"},"content":{"rendered":"<p>Bluza VERY CHERRY &#8211; to jedna z naszych unikatowych wiosenno\/jesiennych,\u00a0 propozycji.<\/p>\n<p>Bluza uszyta jest z bawe\u0142ny (95%) z dodatkiem elastanu (5%). Bluza jest szalenie wygodna.<\/p>\n<p>Bluza jest typu UNISEX &#8211; jest uniwersalna, nadaje si\u0119 zar\u00f3wno dla m\u0119\u017cczyzn jak i dla kobiet.<\/p>\n<p>Naszym celem je\u015bli chodzi o ubrania jest przede wszystkim oryginalno\u015b\u0107. W naszej bluzie nie przejdziesz niezauwa\u017cona!<\/p>\n<p>Bluza posiada kiesze\u0144 kangurk\u0119 oraz kaptur<\/p>\n<p>Wymiary: (bez rozci\u0105gania):<\/p>\n<p>Rozmiar M<\/p>\n<p>Biust: 57 cm x 2<\/p>\n<p>Biodra: 57 x 2<\/p>\n<p>D\u0142ugo\u015b\u0107: 65 cm<\/p>\n<p>R\u0119kaw od pachy: 50 cm<\/p>\n<p>Rozmiar L<\/p>\n<p>Biust: 65 cm x 2<\/p>\n<p>Biodra: 59 x 2<\/p>\n<p>D\u0142ugo\u015b\u0107: 68 cm<\/p>\n<p>R\u0119kaw od pachy: 53 cm<\/p>\n<p>Bluza jest gotowa, dost\u0119pna od r\u0119ki!<\/p>\n<p>&nbsp;<\/p>\n<p>&nbsp;<\/p>\n","protected":false},"excerpt":{"rendered":"<p>Bluza VERY CHERRY &#8211; to jedna z naszych unikatowych wiosenno\/jesiennych,\u00a0 propozycji. Bluza uszyta jest z bawe\u0142ny (95%) z dodatkiem elastanu (5%). Bluza jest szalenie wygodna. Bluza jest typu UNISEX &#8211; jest uniwersalna, nadaje si\u0119 zar\u00f3wno dla m\u0119\u017cczyzn jak i dla [&hellip;]<\/p>\n","protected":false},"featured_media":8697,"comment_status":"open","ping_status":"closed","template":"","meta":[],"yoast_head":"<!-- This site is optimized with the Yoast SEO plugin v15.3 - https:\/\/yoast.com\/wordpress\/plugins\/seo\/ -->\n<title>Bluza VERY CHERRY - Enchanted Garden - ZOOZOOLA<\/title>\n<meta name=\"robots\" content=\"index, follow, max-snippet:-1, max-image-preview:large, max-video-preview:-1\" \/>\n<link rel=\"canonical\" href=\"https:\/\/zoozoola.com\/produkt\/bluza-very-cherry-enchanted-garden\/\" \/>\n<meta property=\"og:locale\" content=\"en_US\" \/>\n<meta property=\"og:type\" content=\"article\" \/>\n<meta property=\"og:title\" content=\"Bluza VERY CHERRY - Enchanted Garden - ZOOZOOLA\" \/>\n<meta property=\"og:description\" content=\"Bluza VERY CHERRY &#8211; to jedna z naszych unikatowych wiosenno\/jesiennych,\u00a0 propozycji. Bluza uszyta jest z bawe\u0142ny (95%) z dodatkiem elastanu (5%). Bluza jest szalenie wygodna. Bluza jest typu UNISEX &#8211; jest uniwersalna, nadaje si\u0119 zar\u00f3wno dla m\u0119\u017cczyzn jak i dla [&hellip;]\" \/>\n<meta property=\"og:url\" content=\"https:\/\/zoozoola.com\/produkt\/bluza-very-cherry-enchanted-garden\/\" \/>\n<meta property=\"og:site_name\" content=\"ZOOZOOLA\" \/>\n<meta property=\"article:modified_time\" content=\"2025-12-02T22:00:54+00:00\" \/>\n<meta property=\"og:image\" content=\"https:\/\/zoozoola.com\/wp-content\/uploads\/2025\/07\/1O8A0078.jpg\" \/>\n\t<meta property=\"og:image:width\" content=\"1067\" \/>\n\t<meta property=\"og:image:height\" content=\"1600\" \/>\n<meta name=\"twitter:card\" content=\"summary_large_image\" \/>\n<meta name=\"twitter:label1\" content=\"Written by\">\n\t<meta name=\"twitter:data1\" content=\"martyna.beeweb@gmail.com\">\n\t<meta name=\"twitter:label2\" content=\"Est. reading time\">\n\t<meta name=\"twitter:data2\" content=\"0 minutes\">\n<script type=\"application\/ld+json\" class=\"yoast-schema-graph\">{\"@context\":\"https:\/\/schema.org\",\"@graph\":[{\"@type\":\"WebSite\",\"@id\":\"https:\/\/zoozoola.com\/#website\",\"url\":\"https:\/\/zoozoola.com\/\",\"name\":\"ZOOZOOLA\",\"description\":\"kolorowe sukienki oversize r\\u0119cznie szyte limitowane kolekcje\",\"potentialAction\":[{\"@type\":\"SearchAction\",\"target\":\"https:\/\/zoozoola.com\/?s={search_term_string}\",\"query-input\":\"required name=search_term_string\"}],\"inLanguage\":\"en-US\"},{\"@type\":\"ImageObject\",\"@id\":\"https:\/\/zoozoola.com\/produkt\/bluza-very-cherry-enchanted-garden\/#primaryimage\",\"inLanguage\":\"en-US\",\"url\":\"https:\/\/zoozoola.com\/wp-content\/uploads\/2025\/07\/1O8A0078.jpg\",\"width\":1067,\"height\":1600},{\"@type\":\"WebPage\",\"@id\":\"https:\/\/zoozoola.com\/produkt\/bluza-very-cherry-enchanted-garden\/#webpage\",\"url\":\"https:\/\/zoozoola.com\/produkt\/bluza-very-cherry-enchanted-garden\/\",\"name\":\"Bluza VERY CHERRY - Enchanted Garden - ZOOZOOLA\",\"isPartOf\":{\"@id\":\"https:\/\/zoozoola.com\/#website\"},\"primaryImageOfPage\":{\"@id\":\"https:\/\/zoozoola.com\/produkt\/bluza-very-cherry-enchanted-garden\/#primaryimage\"},\"datePublished\":\"2025-07-10T15:51:38+00:00\",\"dateModified\":\"2025-12-02T22:00:54+00:00\",\"inLanguage\":\"en-US\",\"potentialAction\":[{\"@type\":\"ReadAction\",\"target\":[\"https:\/\/zoozoola.com\/produkt\/bluza-very-cherry-enchanted-garden\/\"]}]}]}<\/script>\n<!-- \/ Yoast SEO plugin. -->","_links":{"self":[{"href":"https:\/\/zoozoola.com\/en\/wp-json\/wp\/v2\/product\/8688"}],"collection":[{"href":"https:\/\/zoozoola.com\/en\/wp-json\/wp\/v2\/product"}],"about":[{"href":"https:\/\/zoozoola.com\/en\/wp-json\/wp\/v2\/types\/product"}],"replies":[{"embeddable":true,"href":"https:\/\/zoozoola.com\/en\/wp-json\/wp\/v2\/comments?post=8688"}],"wp:featuredmedia":[{"embeddable":true,"href":"https:\/\/zoozoola.com\/en\/wp-json\/wp\/v2\/media\/8697"}],"wp:attachment":[{"href":"https:\/\/zoozoola.com\/en\/wp-json\/wp\/v2\/media?parent=8688"}],"curies":[{"name":"wp","href":"https:\/\/api.w.org\/{rel}","templated":true}]}}