{"id":8330,"date":"2024-09-10T12:43:39","date_gmt":"2024-09-10T10:43:39","guid":{"rendered":"https:\/\/zoozoola.com\/?post_type=product&#038;p=8330"},"modified":"2025-12-05T11:10:51","modified_gmt":"2025-12-05T10:10:51","slug":"sukienkobluza-hot-plum-crazy-garden","status":"publish","type":"product","link":"https:\/\/zoozoola.com\/en\/produkt\/sukienkobluza-hot-plum-crazy-garden\/","title":{"rendered":"Sukienkobluza HOT PLUM \u2013 Crazy Garden"},"content":{"rendered":"<p>Bluza HOT PLUM \u2013 to jedna z naszych unikatowych, wygodnych, zoozoolowych\u00a0 propozycji.<\/p>\n<p>Bluza uszyta jest z bawe\u0142ny (95%) z dodatkiem elastanu (5%). Bluza jest szalenie wygodna.<\/p>\n<p>Naszym celem jesli chodzi o ubrania jest przede wszystkim oryginalno\u015b\u0107. W naszej bluzie nie przejdziesz niezauwa\u017cona<\/p>\n<p>Wymiary: (bez rozci\u0105gania):<\/p>\n<p>Biust: 51 cm x 2<\/p>\n<p>Pas: 53 cm x 2<\/p>\n<p>Biodra: 55 cm x 2<\/p>\n<p>posiada kaptur oraz boczne kieszenie<\/p>\n<p>Uwaga !! Pasuje na osoby o wymiarach od 90 do 110 w biu\u015bcie!<\/p>\n<p>*rozmieszczenie wzoru mo\u017ce by\u0107 r\u00f3\u017cne<\/p>\n","protected":false},"excerpt":{"rendered":"<p>Bluza HOT PLUM \u2013 to jedna z naszych unikatowych, wygodnych, zoozoolowych\u00a0 propozycji. Bluza uszyta jest z bawe\u0142ny (95%) z dodatkiem elastanu (5%). Bluza jest szalenie wygodna. Naszym celem jesli chodzi o ubrania jest przede wszystkim oryginalno\u015b\u0107. W naszej bluzie nie [&hellip;]<\/p>\n","protected":false},"featured_media":8335,"comment_status":"open","ping_status":"closed","template":"","meta":[],"yoast_head":"<!-- This site is optimized with the Yoast SEO plugin v15.3 - https:\/\/yoast.com\/wordpress\/plugins\/seo\/ -->\n<title>Sukienkobluza HOT PLUM \u2013 Crazy Garden - ZOOZOOLA<\/title>\n<meta name=\"robots\" content=\"index, follow, max-snippet:-1, max-image-preview:large, max-video-preview:-1\" \/>\n<link rel=\"canonical\" href=\"https:\/\/zoozoola.com\/produkt\/sukienkobluza-hot-plum-crazy-garden\/\" \/>\n<meta property=\"og:locale\" content=\"en_US\" \/>\n<meta property=\"og:type\" content=\"article\" \/>\n<meta property=\"og:title\" content=\"Sukienkobluza HOT PLUM \u2013 Crazy Garden - ZOOZOOLA\" \/>\n<meta property=\"og:description\" content=\"Bluza HOT PLUM \u2013 to jedna z naszych unikatowych, wygodnych, zoozoolowych\u00a0 propozycji. Bluza uszyta jest z bawe\u0142ny (95%) z dodatkiem elastanu (5%). Bluza jest szalenie wygodna. Naszym celem jesli chodzi o ubrania jest przede wszystkim oryginalno\u015b\u0107. W naszej bluzie nie [&hellip;]\" \/>\n<meta property=\"og:url\" content=\"https:\/\/zoozoola.com\/produkt\/sukienkobluza-hot-plum-crazy-garden\/\" \/>\n<meta property=\"og:site_name\" content=\"ZOOZOOLA\" \/>\n<meta property=\"article:modified_time\" content=\"2025-12-05T10:10:51+00:00\" \/>\n<meta property=\"og:image\" content=\"https:\/\/zoozoola.com\/wp-content\/uploads\/2024\/09\/1O8A2301.jpg\" \/>\n\t<meta property=\"og:image:width\" content=\"1067\" \/>\n\t<meta property=\"og:image:height\" content=\"1600\" \/>\n<meta name=\"twitter:card\" content=\"summary_large_image\" \/>\n<meta name=\"twitter:label1\" content=\"Written by\">\n\t<meta name=\"twitter:data1\" content=\"martyna.beeweb@gmail.com\">\n\t<meta name=\"twitter:label2\" content=\"Est. reading time\">\n\t<meta name=\"twitter:data2\" content=\"0 minutes\">\n<script type=\"application\/ld+json\" class=\"yoast-schema-graph\">{\"@context\":\"https:\/\/schema.org\",\"@graph\":[{\"@type\":\"WebSite\",\"@id\":\"https:\/\/zoozoola.com\/#website\",\"url\":\"https:\/\/zoozoola.com\/\",\"name\":\"ZOOZOOLA\",\"description\":\"kolorowe sukienki oversize r\\u0119cznie szyte limitowane kolekcje\",\"potentialAction\":[{\"@type\":\"SearchAction\",\"target\":\"https:\/\/zoozoola.com\/?s={search_term_string}\",\"query-input\":\"required name=search_term_string\"}],\"inLanguage\":\"en-US\"},{\"@type\":\"ImageObject\",\"@id\":\"https:\/\/zoozoola.com\/produkt\/sukienkobluza-hot-plum-crazy-garden\/#primaryimage\",\"inLanguage\":\"en-US\",\"url\":\"https:\/\/zoozoola.com\/wp-content\/uploads\/2024\/09\/1O8A2301.jpg\",\"width\":1067,\"height\":1600},{\"@type\":\"WebPage\",\"@id\":\"https:\/\/zoozoola.com\/produkt\/sukienkobluza-hot-plum-crazy-garden\/#webpage\",\"url\":\"https:\/\/zoozoola.com\/produkt\/sukienkobluza-hot-plum-crazy-garden\/\",\"name\":\"Sukienkobluza HOT PLUM \\u2013 Crazy Garden - ZOOZOOLA\",\"isPartOf\":{\"@id\":\"https:\/\/zoozoola.com\/#website\"},\"primaryImageOfPage\":{\"@id\":\"https:\/\/zoozoola.com\/produkt\/sukienkobluza-hot-plum-crazy-garden\/#primaryimage\"},\"datePublished\":\"2024-09-10T10:43:39+00:00\",\"dateModified\":\"2025-12-05T10:10:51+00:00\",\"inLanguage\":\"en-US\",\"potentialAction\":[{\"@type\":\"ReadAction\",\"target\":[\"https:\/\/zoozoola.com\/produkt\/sukienkobluza-hot-plum-crazy-garden\/\"]}]}]}<\/script>\n<!-- \/ Yoast SEO plugin. -->","_links":{"self":[{"href":"https:\/\/zoozoola.com\/en\/wp-json\/wp\/v2\/product\/8330"}],"collection":[{"href":"https:\/\/zoozoola.com\/en\/wp-json\/wp\/v2\/product"}],"about":[{"href":"https:\/\/zoozoola.com\/en\/wp-json\/wp\/v2\/types\/product"}],"replies":[{"embeddable":true,"href":"https:\/\/zoozoola.com\/en\/wp-json\/wp\/v2\/comments?post=8330"}],"wp:featuredmedia":[{"embeddable":true,"href":"https:\/\/zoozoola.com\/en\/wp-json\/wp\/v2\/media\/8335"}],"wp:attachment":[{"href":"https:\/\/zoozoola.com\/en\/wp-json\/wp\/v2\/media?parent=8330"}],"curies":[{"name":"wp","href":"https:\/\/api.w.org\/{rel}","templated":true}]}}