{"id":7829,"date":"2025-12-19T11:28:25","date_gmt":"2025-12-19T10:28:25","guid":{"rendered":"https:\/\/zoozoola.com\/?post_type=product&#038;p=7829"},"modified":"2025-12-02T23:00:54","modified_gmt":"2025-12-02T22:00:54","slug":"sukienkobluza-hot-plum-happy-chicks-ii","status":"publish","type":"product","link":"https:\/\/zoozoola.com\/en\/produkt\/sukienkobluza-hot-plum-happy-chicks-ii\/","title":{"rendered":"Sukienkobluza HOT PLUM \u2013 HAPPY CHICKS II"},"content":{"rendered":"<p>Bluza HOT PLUM \u2013 to jedna z naszych unikatowych, wygodnych, zoozoolowych\u00a0 propozycji.<\/p>\n<p>Bluza uszyta jest z bawe\u0142ny (95%) z dodatkiem elastanu (5%). Bluza jest szalenie wygodna.<\/p>\n<p>Naszym celem jesli chodzi o ubrania jest przede wszystkim oryginalno\u015b\u0107. W naszej bluzie nie przejdziesz niezauwa\u017cona<\/p>\n<p>Wymiary: (bez rozci\u0105gania):<\/p>\n<p>Biust: 51 cm x 2<\/p>\n<p>posiada kaptur oraz boczne kieszenie<\/p>\n<p>Uwaga !! Pasuje na osoby o wymiarach od 90 do 110 w biu\u015bcie!<\/p>\n","protected":false},"excerpt":{"rendered":"<p>Bluza HOT PLUM \u2013 to jedna z naszych unikatowych, wygodnych, zoozoolowych\u00a0 propozycji. Bluza uszyta jest z bawe\u0142ny (95%) z dodatkiem elastanu (5%). Bluza jest szalenie wygodna. Naszym celem jesli chodzi o ubrania jest przede wszystkim oryginalno\u015b\u0107. W naszej bluzie nie [&hellip;]<\/p>\n","protected":false},"featured_media":7834,"comment_status":"open","ping_status":"closed","template":"","meta":[],"yoast_head":"<!-- This site is optimized with the Yoast SEO plugin v15.3 - https:\/\/yoast.com\/wordpress\/plugins\/seo\/ -->\n<title>Sukienkobluza HOT PLUM \u2013 HAPPY CHICKS II - ZOOZOOLA<\/title>\n<meta name=\"robots\" content=\"index, follow, max-snippet:-1, max-image-preview:large, max-video-preview:-1\" \/>\n<link rel=\"canonical\" href=\"https:\/\/zoozoola.com\/produkt\/sukienkobluza-hot-plum-happy-chicks-ii\/\" \/>\n<meta property=\"og:locale\" content=\"en_US\" \/>\n<meta property=\"og:type\" content=\"article\" \/>\n<meta property=\"og:title\" content=\"Sukienkobluza HOT PLUM \u2013 HAPPY CHICKS II - ZOOZOOLA\" \/>\n<meta property=\"og:description\" content=\"Bluza HOT PLUM \u2013 to jedna z naszych unikatowych, wygodnych, zoozoolowych\u00a0 propozycji. Bluza uszyta jest z bawe\u0142ny (95%) z dodatkiem elastanu (5%). Bluza jest szalenie wygodna. Naszym celem jesli chodzi o ubrania jest przede wszystkim oryginalno\u015b\u0107. W naszej bluzie nie [&hellip;]\" \/>\n<meta property=\"og:url\" content=\"https:\/\/zoozoola.com\/produkt\/sukienkobluza-hot-plum-happy-chicks-ii\/\" \/>\n<meta property=\"og:site_name\" content=\"ZOOZOOLA\" \/>\n<meta property=\"article:modified_time\" content=\"2025-12-02T22:00:54+00:00\" \/>\n<meta property=\"og:image\" content=\"https:\/\/zoozoola.com\/wp-content\/uploads\/2024\/04\/1O8A9345.jpg\" \/>\n\t<meta property=\"og:image:width\" content=\"1067\" \/>\n\t<meta property=\"og:image:height\" content=\"1600\" \/>\n<meta name=\"twitter:card\" content=\"summary_large_image\" \/>\n<meta name=\"twitter:label1\" content=\"Written by\">\n\t<meta name=\"twitter:data1\" content=\"martyna.beeweb@gmail.com\">\n\t<meta name=\"twitter:label2\" content=\"Est. reading time\">\n\t<meta name=\"twitter:data2\" content=\"0 minutes\">\n<script type=\"application\/ld+json\" class=\"yoast-schema-graph\">{\"@context\":\"https:\/\/schema.org\",\"@graph\":[{\"@type\":\"WebSite\",\"@id\":\"https:\/\/zoozoola.com\/#website\",\"url\":\"https:\/\/zoozoola.com\/\",\"name\":\"ZOOZOOLA\",\"description\":\"kolorowe sukienki oversize r\\u0119cznie szyte limitowane kolekcje\",\"potentialAction\":[{\"@type\":\"SearchAction\",\"target\":\"https:\/\/zoozoola.com\/?s={search_term_string}\",\"query-input\":\"required name=search_term_string\"}],\"inLanguage\":\"en-US\"},{\"@type\":\"ImageObject\",\"@id\":\"https:\/\/zoozoola.com\/produkt\/sukienkobluza-hot-plum-happy-chicks-ii\/#primaryimage\",\"inLanguage\":\"en-US\",\"url\":\"https:\/\/zoozoola.com\/wp-content\/uploads\/2024\/04\/1O8A9345.jpg\",\"width\":1067,\"height\":1600},{\"@type\":\"WebPage\",\"@id\":\"https:\/\/zoozoola.com\/produkt\/sukienkobluza-hot-plum-happy-chicks-ii\/#webpage\",\"url\":\"https:\/\/zoozoola.com\/produkt\/sukienkobluza-hot-plum-happy-chicks-ii\/\",\"name\":\"Sukienkobluza HOT PLUM \\u2013 HAPPY CHICKS II - ZOOZOOLA\",\"isPartOf\":{\"@id\":\"https:\/\/zoozoola.com\/#website\"},\"primaryImageOfPage\":{\"@id\":\"https:\/\/zoozoola.com\/produkt\/sukienkobluza-hot-plum-happy-chicks-ii\/#primaryimage\"},\"datePublished\":\"2025-12-19T10:28:25+00:00\",\"dateModified\":\"2025-12-02T22:00:54+00:00\",\"inLanguage\":\"en-US\",\"potentialAction\":[{\"@type\":\"ReadAction\",\"target\":[\"https:\/\/zoozoola.com\/produkt\/sukienkobluza-hot-plum-happy-chicks-ii\/\"]}]}]}<\/script>\n<!-- \/ Yoast SEO plugin. -->","_links":{"self":[{"href":"https:\/\/zoozoola.com\/en\/wp-json\/wp\/v2\/product\/7829"}],"collection":[{"href":"https:\/\/zoozoola.com\/en\/wp-json\/wp\/v2\/product"}],"about":[{"href":"https:\/\/zoozoola.com\/en\/wp-json\/wp\/v2\/types\/product"}],"replies":[{"embeddable":true,"href":"https:\/\/zoozoola.com\/en\/wp-json\/wp\/v2\/comments?post=7829"}],"wp:featuredmedia":[{"embeddable":true,"href":"https:\/\/zoozoola.com\/en\/wp-json\/wp\/v2\/media\/7834"}],"wp:attachment":[{"href":"https:\/\/zoozoola.com\/en\/wp-json\/wp\/v2\/media?parent=7829"}],"curies":[{"name":"wp","href":"https:\/\/api.w.org\/{rel}","templated":true}]}}